{"id":350,"date":"2020-07-10T23:17:00","date_gmt":"2020-07-10T23:17:00","guid":{"rendered":"http:\/\/mesz-i.org\/?page_id=350"},"modified":"2023-09-27T21:57:36","modified_gmt":"2023-09-27T19:57:36","slug":"publikaciok","status":"publish","type":"page","link":"https:\/\/mesz-i.org\/?page_id=350","title":{"rendered":"Publik\u00e1ci\u00f3k, sajt\u00f3megjelen\u00e9sek"},"content":{"rendered":"\n<h2 class=\"wp-block-heading\">Lapszemle<\/h2>\n\n\n\n<div style=\"height:20px\" aria-hidden=\"true\" class=\"wp-block-spacer\"><\/div>\n\n\n<p style=\"text-align: justify;\">Megjelent a projekt\u00fcnkr\u0151l p\u00e1r cikk k\u00fcl\u00f6nb\u00f6z\u0151 helyeken az ut\u00f3bbi \u00e9vekben, ezeket gy\u0171jt\u00f6tt\u00fck most id\u0151rendi sorrendbe:<\/p>\n<p style=\"text-align: justify;\">2020 december\u00e9ben a BME honlapj\u00e1nak f\u0151oldal\u00e1ra ker\u00fclt\u00fcnk. A cikk most <a href=\"https:\/\/www.bme.hu\/hirek\/20201215\/Elvezem_az_idoutazast_amely_egy_kiemelkedo_mernok_tortenelmi_alkotasahoz_vezet\">itt tal\u00e1lhat\u00f3<\/a>.<\/p>\n<p style=\"text-align: justify;\">Tavaly ny\u00e1r v\u00e9g\u00e9n a 444.hu internetes lap \u00fajs\u00e1g\u00edr\u00f3i a m\u00fazeumban l\u00e1tva tudt\u00e1k meg, hogy mire adtuk a fej\u00fcnket. Tetszett nekik a t\u00e9ma, megkerestek, mi pedig \u00f6r\u00f6mmel <a href=\"https:\/\/444.hu\/2022\/09\/04\/az-elso-magyar-szamitogep-es-akik-meg-akarjak-fejteni-hogyan-mukodott\">adtunk riport<\/a>.<\/p>\n<p style=\"text-align: justify;\">Az <a href=\"http:\/\/www.impulzus.com\/\">Impulzus<\/a> a BME Villamosm\u00e9rn\u00f6ki \u00e9s Informatikai Kar Hallgat\u00f3i K\u00e9pviselet\u00e9nek lapja imm\u00e1ron f\u00e9lsz\u00e1z \u00e9ve. A 2023 m\u00e1rciusi sz\u00e1m\u00e1ban vel\u00fcnk k\u00e9sz\u00fclt riport jelent meg (L. \u00e9vf., 2. sz\u00e1m, 19-22 o.). Itt <a href=\"https:\/\/issuu.com\/impulzus\/docs\/impulzus_l_02_issuu\">olvashat\u00f3 Issuu-n<\/a>, itt pedig <a href=\"http:\/\/www.impulzus.com\/content\/archivum\/50\/2.pdf\">pdf-ben let\u00f6lthet\u0151<\/a>.<br \/><span style=\"color: #999999;\">2023. 09. 12.<\/span><\/p>\n\n\n<h2 class=\"wp-block-heading\">Razdan-3 riport<\/h2>\n\n\n\n<div style=\"height:20px\" aria-hidden=\"true\" class=\"wp-block-spacer\"><\/div>\n\n\n<p style=\"text-align: justify;\">2021 nyar\u00e1n ell\u00e1togattunk a szegedi Informatika T\u00f6rt\u00e9neti Ki\u00e1ll\u00edt\u00e1sra (<a href=\"http:\/\/ajovomultja.hu\" target=\"_blank\" rel=\"noopener\">http:\/\/ajovomultja.hu<\/a>), hogy riportot k\u00e9sz\u00edts\u00fcnk Ter\u00e9nyi Levent\u00e9vel \u00e9s Vid \u00d6d\u00f6nnel, akik a &#8217;60-as \u00e9vek v\u00e9g\u00e9n, &#8217;70-es \u00e9vek elej\u00e9n az ott ki\u00e1ll\u00edtotthoz hasonl\u00f3 Razdan-3 sz\u00e1m\u00edt\u00f3g\u00e9ppel dolgoztak. (Leny\u0171g\u00f6z\u0151 l\u00e1tv\u00e1ny ez a g\u00e9p, a ki\u00e1ll\u00edt\u00e1snak m\u00e9lt\u00e1n ez az egyik \u00e9kk\u00f6ve!) A riport elk\u00e9sz\u00fclt, s\u0151t r\u00f6gz\u00edtett\u00fcnk egy kis vide\u00f3t is. Mindkett\u0151 megtal\u00e1lhat\u00f3 a Neumann J\u00e1nos Sz\u00e1m\u00edt\u00f3g\u00e9p-tudom\u00e1nyi T\u00e1rsas\u00e1g Informatikat\u00f6rt\u00e9neti F\u00f3rum\u00e1nak weboldal\u00e1n <a href=\"https:\/\/itf.njszt.hu\/objektum\/beszelgetes-a-razdan-3-szamitogeprol\">ezen a helyen<\/a>.<br><span style=\"color: #999999;\">2021. 11. 04.<\/span><\/p>\n\n\n<h2 class=\"wp-block-heading\">Mel, egy Igazi Programoz\u00f3 t\u00f6rt\u00e9nete<\/h2>\n\n\n\n<div style=\"height:20px\" aria-hidden=\"true\" class=\"wp-block-spacer\"><\/div>\n\n\n<p style=\"text-align: justify;\">N\u00e9meth Kriszti\u00e1n <a href=\"http:\/\/mesz-i.org\/wp-content\/uploads\/2021\/03\/Mel_tortenete.pdf\">ford\u00edtotta magyarra e r\u00e9gi \u00edr\u00e1st egy m\u00e9g r\u00e9gebbi sz\u00e1m\u00edt\u00f3g\u00e9pes programr\u00f3l<\/a>.<\/p>\n<p style=\"text-align: justify;\">Egy kis kedvcsin\u00e1l\u00f3 a ford\u00edt\u00f3t\u00f3l: &#8220;A \u201c<a href=\"https:\/\/www.cs.utah.edu\/~elb\/folklore\/mel-annotated\/mel-annotated.html\">The Story of Mel, A Real Programmer<\/a>\u201d c\u00edm\u0171 \u00edr\u00e1s egy csod\u00e1s visszaeml\u00e9kez\u00e9s a sz\u00e1m\u00edt\u00f3g\u00e9p-programoz\u00e1s h\u0151skor\u00e1ra. M\u00e1r az \u00edr\u00e1s is r\u00e9gi, hiszen 1983-as, k\u00f6zel 38 \u00e9ves, de egy m\u00e9g negyedsz\u00e1zaddal kor\u00e1bbi vil\u00e1gr\u00f3l sz\u00f3l. Els\u0151 l\u00e1t\u00e1sra annyira megtetszett, hogy elhat\u00e1roztam, hogy leford\u00edtom. Nem a MESZ I-r\u0151l sz\u00f3l, de az\u00e9rt korh\u0171 a t\u00e9ma. Fogadj\u00e1tok szeretettel!&#8221;<br><span style=\"color: #999999;\">2021. 03. 15.<\/span><\/p>\n\n\n<h2 class=\"wp-block-heading\">A jelfog\u00f3kr\u00f3l<\/h2>\n\n\n\n<div style=\"height:20px\" aria-hidden=\"true\" class=\"wp-block-spacer\"><\/div>\n\n\n<p><a href=\"http:\/\/mesz-i.org\/wp-content\/uploads\/2020\/07\/a_jelfogokrol.pdf\">Vid G\u00e1bor r\u00f6vid \u00edr\u00e1sa a jelfog\u00f3kr\u00f3l.<\/a><br><span style=\"color: #999999;\">2020. 07. 27.<br><\/span><\/p>\n\n\n<h2 class=\"wp-block-heading\">Kutat\u00f3k \u00e9jszak\u00e1ja 2019<\/h2>\n\n\n\n<div style=\"height:20px\" aria-hidden=\"true\" class=\"wp-block-spacer\"><\/div>\n\n\n<p style=\"text-align: justify;\">Csoportunk els\u0151 nyilv\u00e1nos megjelen\u00e9se 2019. szeptember\u00e9ben volt a Kutat\u00f3k \u00c9jszak\u00e1j\u00e1n. A <a href=\"https:\/\/www.kutatokejszakaja.hu\/esemeny\/nyomozas-az-elso-magyar-szamitogepben\/\">\u201eVissza a j\u00f6v\u0151be! Az els\u0151 magyar sz\u00e1m\u00edt\u00f3g\u00e9p nyom\u00e1ban\u201d<\/a> program telt h\u00e1zas rendezv\u00e9ny volt. A bemutatott diasor szerkesztett v\u00e1ltozata let\u00f6lthet\u0151 <a href=\"http:\/\/mesz-i.org\/wp-content\/uploads\/2020\/07\/KutatokEjszakaja2019.pdf\">innen<\/a>.<\/p>\n<style id=\"bwg-style-0\">    #bwg_container1_0 #bwg_container2_0 .bwg-container-0.bwg-standard-thumbnails {      width: 1254px;              justify-content: center;        margin:0 auto !important;              background-color: rgba(255, 255, 255, 0.00);            padding-left: 4px;      padding-top: 4px;      max-width: 100%;            }        #bwg_container1_0 #bwg_container2_0 .bwg-container-0.bwg-standard-thumbnails .bwg-item {    justify-content: flex-start;      max-width: 250px;          }    #bwg_container1_0 #bwg_container2_0 .bwg-container-0.bwg-standard-thumbnails .bwg-item a {       margin-right: 4px;       margin-bottom: 4px;    }    #bwg_container1_0 #bwg_container2_0 .bwg-container-0.bwg-standard-thumbnails .bwg-item0 {      padding: 0px;            background-color:rgba(0,0,0, 0.30);      border: 0px none #CCCCCC;      opacity: 1.00;      border-radius: 0;      box-shadow: ;    }    #bwg_container1_0 #bwg_container2_0 .bwg-container-0.bwg-standard-thumbnails .bwg-item1 img {      max-height: none;      max-width: none;      padding: 0 !important;    }         @media only screen and (min-width: 480px) {\t\t#bwg_container1_0 #bwg_container2_0 .bwg-container-0.bwg-standard-thumbnails .bwg-item1 img {\t\t\t-webkit-transition: all .3s; transition: all .3s;\t\t}\t\t#bwg_container1_0 #bwg_container2_0 .bwg-container-0.bwg-standard-thumbnails .bwg-item1 img:hover {\t\t\t-ms-transform: scale(1.08);\t\t\t-webkit-transform: scale(1.08);\t\t\ttransform: scale(1.08);\t\t}\t\t      }\t    #bwg_container1_0 #bwg_container2_0 .bwg-container-0.bwg-standard-thumbnails .bwg-item1 {      padding-top: 56%;    }        #bwg_container1_0 #bwg_container2_0 .bwg-container-0.bwg-standard-thumbnails .bwg-title2,    #bwg_container1_0 #bwg_container2_0 .bwg-container-0.bwg-standard-thumbnails .bwg-ecommerce2 {      color: #323A45;      font-family: Ubuntu;      font-size: 16px;      font-weight: bold;      padding: 2px;      text-shadow: ;      max-height: 100%;    }    #bwg_container1_0 #bwg_container2_0 .bwg-container-0.bwg-standard-thumbnails .bwg-thumb-description span {    color: #323A45;    font-family: Ubuntu;    font-size: 12px;    max-height: 100%;    word-wrap: break-word;    }    #bwg_container1_0 #bwg_container2_0 .bwg-container-0.bwg-standard-thumbnails .bwg-play-icon2 {      font-size: 32px;    }    #bwg_container1_0 #bwg_container2_0 .bwg-container-0.bwg-standard-thumbnails .bwg-ecommerce2 {      font-size: 19.2px;      color: #323A45;    }    <\/style>    <div id=\"bwg_container1_0\"         class=\"bwg_container bwg_thumbnail bwg_thumbnails \"         data-right-click-protection=\"0\"         data-bwg=\"0\"         data-scroll=\"0\"         data-gallery-type=\"thumbnails\"         data-gallery-view-type=\"thumbnails\"         data-current-url=\"\/index.php?rest_route=%2Fwp%2Fv2%2Fpages%2F350\"         data-lightbox-url=\"https:\/\/mesz-i.org\/wp-admin\/admin-ajax.php?action=GalleryBox&#038;current_view=0&#038;gallery_id=8&#038;tag=0&#038;theme_id=1&#038;shortcode_id=21&#038;sort_by=order&#038;order_by=asc&#038;current_url=%2Findex.php%3Frest_route%3D%252Fwp%252Fv2%252Fpages%252F350\"         data-gallery-id=\"8\"         data-popup-width=\"800\"         data-popup-height=\"500\"         data-is-album=\"gallery\"         data-buttons-position=\"bottom\">      <div id=\"bwg_container2_0\">             <div id=\"ajax_loading_0\" class=\"bwg_loading_div_1\">      <div class=\"bwg_loading_div_2\">        <div class=\"bwg_loading_div_3\">          <div id=\"loading_div_0\" class=\"bwg_spider_ajax_loading\">          <\/div>        <\/div>      <\/div>    <\/div>            <form id=\"gal_front_form_0\"              class=\"bwg-hidden\"              method=\"post\"              action=\"#\"              data-current=\"0\"              data-shortcode-id=\"21\"              data-gallery-type=\"thumbnails\"              data-gallery-id=\"8\"              data-tag=\"0\"              data-album-id=\"0\"              data-theme-id=\"1\"              data-ajax-url=\"https:\/\/mesz-i.org\/wp-admin\/admin-ajax.php?action=bwg_frontend_data\">          <div id=\"bwg_container3_0\" class=\"bwg-background bwg-background-0\">                <div data-max-count=\"5\"         data-thumbnail-width=\"250\"         data-bwg=\"0\"         data-gallery-id=\"8\"         data-lightbox-url=\"https:\/\/mesz-i.org\/wp-admin\/admin-ajax.php?action=GalleryBox&amp;current_view=0&amp;gallery_id=8&amp;tag=0&amp;theme_id=1&amp;shortcode_id=21&amp;sort_by=order&amp;order_by=asc&amp;current_url=%2Findex.php%3Frest_route%3D%252Fwp%252Fv2%252Fpages%252F350\"         id=\"bwg_thumbnails_0\"         class=\"bwg-container-0 bwg-thumbnails bwg-standard-thumbnails bwg-container bwg-border-box\">            <div class=\"bwg-item\">        <a class=\"bwg-a  bwg_lightbox\"  data-image-id=\"82\" href=\"https:\/\/mesz-i.org\/wp-content\/uploads\/photo-gallery\/imported_from_media_libray\/kutej2.jpg?bwg=1599516118\" data-elementor-open-lightbox=\"no\">                <div class=\"bwg-item0 \">          <div class=\"bwg-item1 \">            <div class=\"bwg-item2\">              <img decoding=\"async\" class=\"skip-lazy bwg_standart_thumb_img_0 \"                   data-id=\"82\"                   data-width=\"500\"                   data-height=\"313\"                   data-src=\"https:\/\/mesz-i.org\/wp-content\/uploads\/photo-gallery\/imported_from_media_libray\/thumb\/kutej2.jpg?bwg=1599516118\"                   src=\"https:\/\/mesz-i.org\/wp-content\/uploads\/photo-gallery\/imported_from_media_libray\/thumb\/kutej2.jpg?bwg=1599516118\"                   alt=\"\"                   title=\"\" \/>            <\/div>            <div class=\"\">                                                      <\/div>          <\/div>        <\/div>                        <\/a>              <\/div>            <div class=\"bwg-item\">        <a class=\"bwg-a  bwg_lightbox\"  data-image-id=\"83\" href=\"https:\/\/mesz-i.org\/wp-content\/uploads\/photo-gallery\/imported_from_media_libray\/kutej.jpg?bwg=1599516118\" data-elementor-open-lightbox=\"no\">                <div class=\"bwg-item0 \">          <div class=\"bwg-item1 \">            <div class=\"bwg-item2\">              <img decoding=\"async\" class=\"skip-lazy bwg_standart_thumb_img_0 \"                   data-id=\"83\"                   data-width=\"375\"                   data-height=\"500\"                   data-src=\"https:\/\/mesz-i.org\/wp-content\/uploads\/photo-gallery\/imported_from_media_libray\/thumb\/kutej.jpg?bwg=1599516118\"                   src=\"https:\/\/mesz-i.org\/wp-content\/uploads\/photo-gallery\/imported_from_media_libray\/thumb\/kutej.jpg?bwg=1599516118\"                   alt=\"\"                   title=\"\" \/>            <\/div>            <div class=\"\">                                                      <\/div>          <\/div>        <\/div>                        <\/a>              <\/div>          <\/div>    <style>      \/*pagination styles*\/      #bwg_container1_0 #bwg_container2_0 .tablenav-pages_0 {\t\t\t\ttext-align: center;\t\t\t\tfont-size: 12px;\t\t\t\tfont-family: Ubuntu;\t\t\t\tfont-weight: bold;\t\t\t\tcolor: #666666;\t\t\t\tmargin: 6px 0 4px;\t\t\t\tdisplay: block;      }      @media only screen and (max-width : 320px) {      #bwg_container1_0 #bwg_container2_0 .displaying-num_0 {     \t display: none;      }      }      #bwg_container1_0 #bwg_container2_0 .displaying-num_0 {\t\t\t\tfont-size: 12px;\t\t\t\tfont-family: Ubuntu;\t\t\t\tfont-weight: bold;\t\t\t\tcolor: #666666;\t\t\t\tmargin-right: 10px;\t\t\t\tvertical-align: middle;      }      #bwg_container1_0 #bwg_container2_0 .paging-input_0 {\t\t\t\tfont-size: 12px;\t\t\t\tfont-family: Ubuntu;\t\t\t\tfont-weight: bold;\t\t\t\tcolor: #666666;\t\t\t\tvertical-align: middle;      }      #bwg_container1_0 #bwg_container2_0 .tablenav-pages_0 a.disabled,      #bwg_container1_0 #bwg_container2_0 .tablenav-pages_0 a.disabled:hover,      #bwg_container1_0 #bwg_container2_0 .tablenav-pages_0 a.disabled:focus,\t\t\t#bwg_container1_0 #bwg_container2_0 .tablenav-pages_0 input.bwg_current_page {\t\t\t\tcursor: default;\t\t\t\tcolor: rgba(102, 102, 102, 0.5);      }      #bwg_container1_0 #bwg_container2_0 .tablenav-pages_0 a,      #bwg_container1_0 #bwg_container2_0 .tablenav-pages_0 input.bwg_current_page {\t\t\t\tcursor: pointer;\t\t\t\ttext-align: center;\t\t\t\tfont-size: 12px;\t\t\t\tfont-family: Ubuntu;\t\t\t\tfont-weight: bold;\t\t\t\tcolor: #666666;\t\t\t\ttext-decoration: none;\t\t\t\tpadding: 3px 6px;\t\t\t\tmargin: 0;\t\t\t\tborder-radius: 0;\t\t\t\tborder-style: solid;\t\t\t\tborder-width: 1px;\t\t\t\tborder-color: #E3E3E3;\t\t\t\t\t\t\t\tbackground-color: rgba(255, 255, 255, 1.00);\t\t\t\tbox-shadow: 0;\t\t\t\ttransition: all 0.3s ease 0s;-webkit-transition: all 0.3s ease 0s;      }      <\/style>      <span class=\"bwg_nav_cont_0\">              <div class=\"tablenav-pages_0\">                  <\/div>                <input type=\"hidden\" id=\"page_number_0\" name=\"page_number_0\" value=\"1\" \/>      <script type=\"text\/javascript\">        if( jQuery('.bwg_nav_cont_0').length > 1 ) {          jQuery('.bwg_nav_cont_0').first().remove()        }        function spider_page_0(cur, x, y, load_more) {          if (typeof load_more == \"undefined\") {            var load_more = false;          }          if (jQuery(cur).hasClass('disabled')) {            return false;          }          var items_county_0 = 1;          switch (y) {            case 1:              if (x >= items_county_0) {                document.getElementById('page_number_0').value = items_county_0;              }              else {                document.getElementById('page_number_0').value = x + 1;              }              break;            case 2:              document.getElementById('page_number_0').value = items_county_0;              break;            case -1:              if (x == 1) {                document.getElementById('page_number_0').value = 1;              }              else {                document.getElementById('page_number_0').value = x - 1;              }              break;            case -2:              document.getElementById('page_number_0').value = 1;              break;\t\t\t\t\t\tcase 0:              document.getElementById('page_number_0').value = x;              break;            default:              document.getElementById('page_number_0').value = 1;          }          bwg_ajax('gal_front_form_0', '0', 'bwg_thumbnails_0', '0', '', 'gallery', 0, '', '', load_more, '', 1);        }                    jQuery('.first-page-0').on('click', function () {              spider_page_0(this, 1, -2, 'numeric');              return false;            });            jQuery('.prev-page-0').on('click', function () {              spider_page_0(this, 1, -1, 'numeric');              return false;            });            jQuery('.next-page-0').on('click', function () {              spider_page_0(this, 1, 1, 'numeric');              return false;            });            jQuery('.last-page-0').on('click', function () {              spider_page_0(this, 1, 2, 'numeric');              return false;            });        \t\t\t\t\/* Change page on input enter. *\/        function bwg_change_page_0( e, that ) {          if (  e.key == 'Enter' ) {            var to_page = parseInt(jQuery(that).val());            var pages_count = jQuery(that).parents(\".pagination-links\").data(\"pages-count\");            var current_url_param = jQuery(that).attr('data-url-info');            if (to_page > pages_count) {              to_page = 1;            }\t \t\t\t\t\t\t\t\t\t\t\t\tspider_page_0(this, to_page, 0, 'numeric');\t\t\t\t\t\t\treturn false;\t\t\t\t\t\t          }          return true;        }        jQuery('.bwg_load_btn_0').on('click', function () {            spider_page_0(this, 1, 1, true);            return false;        });      <\/script>      <\/span>                <\/div>        <\/form>        <style>          #bwg_container1_0 #bwg_container2_0 #spider_popup_overlay_0 {          background-color: #EEEEEE;          opacity: 0.60;          }          <\/style>        <div id=\"bwg_spider_popup_loading_0\" class=\"bwg_spider_popup_loading\"><\/div>        <div id=\"spider_popup_overlay_0\" class=\"spider_popup_overlay\" onclick=\"spider_destroypopup(1000)\"><\/div>        <input type=\"hidden\" id=\"bwg_random_seed_0\" value=\"1413124779\">                <\/div>    <\/div>    <script>      if (document.readyState === 'complete') {        if( typeof bwg_main_ready == 'function' ) {          if ( jQuery(\"#bwg_container1_0\").height() ) {            bwg_main_ready(jQuery(\"#bwg_container1_0\"));          }        }      } else {        document.addEventListener('DOMContentLoaded', function() {          if( typeof bwg_main_ready == 'function' ) {            if ( jQuery(\"#bwg_container1_0\").height() ) {             bwg_main_ready(jQuery(\"#bwg_container1_0\"));            }          }        });      }    <\/script>    \n<p><span style=\"color: #999999;\">2020. 07. 11.<\/span><\/p>\n\n\n<p><\/p>\n","protected":false},"excerpt":{"rendered":"<p>Lapszemle Megjelent a projekt\u00fcnkr\u0151l p\u00e1r cikk k\u00fcl\u00f6nb\u00f6z\u0151 helyeken az ut\u00f3bbi \u00e9vekben, ezeket gy\u0171jt\u00f6tt\u00fck most id\u0151rendi sorrendbe: 2020 december\u00e9ben a BME honlapj\u00e1nak f\u0151oldal\u00e1ra ker\u00fclt\u00fcnk. A cikk most itt tal\u00e1lhat\u00f3. Tavaly ny\u00e1r v\u00e9g\u00e9n a 444.hu internetes lap \u00fajs\u00e1g\u00edr\u00f3i a m\u00fazeumban l\u00e1tva tudt\u00e1k meg, hogy mire adtuk a fej\u00fcnket. Tetszett nekik a t\u00e9ma,&#8230;<\/p>\n<p class=\"continue-reading-button\"> <a class=\"continue-reading-link\" href=\"https:\/\/mesz-i.org\/?page_id=350\">Tov\u00e1bb<i class=\"crycon-right-dir\"><\/i><\/a><\/p>\n","protected":false},"author":3,"featured_media":0,"parent":0,"menu_order":0,"comment_status":"closed","ping_status":"closed","template":"","meta":{"footnotes":""},"class_list":["post-350","page","type-page","status-publish","hentry"],"jetpack_sharing_enabled":true,"_links":{"self":[{"href":"https:\/\/mesz-i.org\/index.php?rest_route=\/wp\/v2\/pages\/350","targetHints":{"allow":["GET"]}}],"collection":[{"href":"https:\/\/mesz-i.org\/index.php?rest_route=\/wp\/v2\/pages"}],"about":[{"href":"https:\/\/mesz-i.org\/index.php?rest_route=\/wp\/v2\/types\/page"}],"author":[{"embeddable":true,"href":"https:\/\/mesz-i.org\/index.php?rest_route=\/wp\/v2\/users\/3"}],"replies":[{"embeddable":true,"href":"https:\/\/mesz-i.org\/index.php?rest_route=%2Fwp%2Fv2%2Fcomments&post=350"}],"version-history":[{"count":36,"href":"https:\/\/mesz-i.org\/index.php?rest_route=\/wp\/v2\/pages\/350\/revisions"}],"predecessor-version":[{"id":1042,"href":"https:\/\/mesz-i.org\/index.php?rest_route=\/wp\/v2\/pages\/350\/revisions\/1042"}],"wp:attachment":[{"href":"https:\/\/mesz-i.org\/index.php?rest_route=%2Fwp%2Fv2%2Fmedia&parent=350"}],"curies":[{"name":"wp","href":"https:\/\/api.w.org\/{rel}","templated":true}]}}