{"id":32,"date":"2019-05-18T21:03:27","date_gmt":"2019-05-18T21:03:27","guid":{"rendered":"http:\/\/mesz-i.org\/?page_id=32"},"modified":"2025-11-28T00:35:51","modified_gmt":"2025-11-27T22:35:51","slug":"felhasznalt-irodalom","status":"publish","type":"page","link":"https:\/\/mesz-i.org\/?page_id=32","title":{"rendered":"Fellelt anyagok"},"content":{"rendered":"\n<div style=\"height:10px\" aria-hidden=\"true\" class=\"wp-block-spacer\"><\/div>\n\n\n<p style=\"text-align: justify;\">Erre az oldalra gy\u0171jt\u00f6tt\u00fck \u00f6ssze a MESZ I-gyel kapcsolatos legfontosabb \u00edr\u00e1sokat, hang- \u00e9s videofelv\u00e9teleket.<\/p>\n\n\n<h2 class=\"wp-block-heading\">On-line is el\u00e9rhet\u0151 dokumentumok<\/h2>\n\n\n<p style=\"text-align: justify;\">Kozma, L. <em><a href=\"https:\/\/pp.bme.hu\/ee\/article\/view\/5399\" target=\"_blank\" rel=\"noreferrer noopener\" aria-label=\" (opens in a new tab)\">The New Digital Computer of the Polytechnical University Budapest<\/a><\/em> Periodica Polytechnica Electrical Engineering (Archives) Vol 3 No 4 (1959) pp. 321&#8211;343 <em>\u2013 <\/em>Ez messze a legr\u00e9szletesebb \u00e9s leghitelesebb fennmaradt dokumentum a g\u00e9p fel\u00e9p\u00edt\u00e9s\u00e9r\u0151l \u00e9s m\u0171k\u00f6d\u00e9s\u00e9r\u0151l. A fenti linken \u00e1t on-line is szabadon el\u00e9rhet\u0151.<\/p>\n<p style=\"text-align: justify;\">Kr\u00e1mli Mih\u00e1ly (f\u0151szerk.) <em><a href=\"https:\/\/mandadb.hu\/tetel\/485316\/Sorsok_es_talalmanyok__tanulmanykotet\">Sorsok \u00e9s tal\u00e1lm\u00e1nyok \u2013 Tanulm\u00e1nyok a magyarorsz\u00e1gi zsid\u00f3 m\u0171szaki alkot\u00f3kr\u00f3l a Magyar Holokauszt 70. \u00e9vfordul\u00f3ja alkalm\u00e1b\u00f3l<\/a><\/em> \u2013 a k\u00f6nyv let\u00f6lthet\u0151 a \u201eDokumentum&#8221; alatti ikonra kattintva. A Kozma L\u00e1szl\u00f3r\u00f3l sz\u00f3l\u00f3 fejezetet K\u00e9pes G\u00e1bor \u00edrta.<\/p>\n<p style=\"text-align: justify;\">Hell Gy\u00f6rgy <a href=\"https:\/\/itf.njszt.hu\/wp-content\/uploads\/2021\/06\/Hell2.pdf\"><em>Az orosz-magyar g\u00e9pi ford\u00edt\u00e1s elm\u00e9leti \u00e9s gyakorlati k\u00e9rd\u00e9sei<\/em><\/a> \u00c1ltal\u00e1nos nyelv\u00e9szeti tanulm\u00e1nyok, 1964. (2. \u00e9vfolyam.) 1. sz\u00e1m, 177-196. o., MTA Nyelvtudom\u00e1nyi Int\u00e9zet, Budapest (A linkelt dokumentumr\u00f3l metaadatok az <a href=\"https:\/\/itf.njszt.hu\/objektum\/az-orosz-magyar-gepi-forditas-elmeleti-es-gyakorlati-kerdesei\">NJSZT honlapj\u00e1n<\/a>.)<\/p>\n\n\n<h2 class=\"wp-block-heading\">Vide\u00f3k, hangfelv\u00e9telek<\/h2>\n\n\n<p style=\"text-align: justify;\"><a href=\"http:\/\/filmhiradokonline.hu\/watch.php?id=14666\" target=\"_blank\" rel=\"noreferrer noopener\" aria-label=\"agyar Filmh\u00edrad\u00f3 1958. november \/ 47 \/ 3 (opens in a new tab)\" data-rich-text-format-boundary=\"true\">Magyar Filmh\u00edrad\u00f3 1958. november \/ 47 \/ 3<\/a> \u2013 Ez az egyetlen ismert filmfelv\u00e9tel, amely a MESZ I sz\u00e1m\u00edt\u00f3g\u00e9pet mutatja, r\u00e1ad\u00e1sul m\u0171k\u00f6d\u00e9s k\u00f6zben. Nagyon \u00f6r\u00fclt\u00fcnk, amikor megtudtuk, hogy ez l\u00e9tezik, \u00e9s k\u00fcl\u00f6n j\u00f3, hogy online, d\u00edjmentesen el\u00e9rhet\u0151. S\u0151t, itt is megtekinthet\u0151:<\/p>\n\n\n<iframe loading=\"lazy\" allowfullscreen=\"\" src=\"https:\/\/filmhiradokonline.hu\/player.php?id=14666\" width=\"465\" height=\"350\" frameborder=\"0\"><\/iframe>\n\n\n<p><a href=\"https:\/\/www.youtube.com\/watch?v=QWYHjwhUQ44\" data-rel=\"lightbox-video-0\" target=\"_blank\" rel=\"noreferrer noopener\" aria-label=\"Frajka B\u00e9la portr\u00e9ja (opens in a new tab)\" data-rich-text-format-boundary=\"true\" data-magnific_type=\"video\">Frajka B\u00e9la portr\u00e9ja<\/a> \u2013 Ez a riportfilm a Neumann J\u00e1nos Sz\u00e1m\u00edt\u00f3g\u00e9p-tudom\u00e1nyi T\u00e1rsas\u00e1g (NJSZT) Informatikat\u00f6rt\u00e9neti F\u00f3ruma (iTF) szervez\u00e9s\u00e9ben k\u00e9sz\u00fclt, annak &#8220;Arck\u00e9pek a magyar informatika t\u00f6rt\u00e9net\u00e9b\u0151l&#8221; sorozat\u00e1ban, 2017 nyar\u00e1n. A g\u00e9p elk\u00e9sz\u00fclte ut\u00e1n Frajka B\u00e9la \u00fczemeltette \u00e9s programozta azt, \u00edgy term\u00e9szetesen a vele k\u00e9sz\u00fclt interj\u00faban a MESZ I-r\u0151l is sok sz\u00f3 esik.<\/p>\n<p>Besz\u00e9lget\u00e9s Kozma L\u00e1szl\u00f3val \u2013 1982-es hanginterj\u00fa Kozma L\u00e1szl\u00f3val. Riporter: Esti Judit. Szint\u00e9n jelen van: Kov\u00e1cs Gy\u0151z\u0151. Err\u0151l az anyagr\u00f3l sok\u00e1ig azt hitt\u00fck, elt\u0171nt \u00f6r\u00f6kre. M\u00e1r a l\u00e9tez\u00e9s\u00e9r\u0151l is csak egy apr\u00f3 v\u00e9letlen folyt\u00e1n \u00e9rtes\u00fclt\u00fcnk: Kov\u00e1cs Gy\u0151z\u0151: <a href=\"https:\/\/itf.njszt.hu\/objektum\/valogatott-kalandozasaim-informatikaban\">V\u00e1logatott kalandoz\u00e1saim Informatik\u00e1ban<\/a> c. k\u00f6nyv\u00e9ben tesz eml\u00edt\u00e9st r\u00f3la. B\u00e1r elveszettnek gondolt\u00e1k t\u00f6bben, v\u00e9g\u00fcl Kov\u00e1cs Gy\u0151z\u0151 hagyat\u00e9k\u00e1ban Esti Judittal \u00e9s D\u00f6m\u00f6lki B\u00e1linttal k\u00f6z\u00f6sen tal\u00e1ltunk egy m\u00e1solatot r\u00f3la k\u00e9t audiokazett\u00e1n 2019 december\u00e9ben. Mi nagyon \u00f6r\u00fclt\u00fcnk neki, rem\u00e9lj\u00fck \u00d6n\u00f6knek is tetszeni fog! A hanganyag let\u00f6lthet\u0151 az <a href=\"https:\/\/itf.njszt.hu\/objektum\/kozma-laszlo-es-kovacs-gyozo-beszelgetese\">NJSZT ITF honlapj\u00e1r\u00f3l<\/a>, illetve meghallgat\u00f3hat\u00f3 itt is:<\/p>\n\n\n<figure class=\"wp-block-audio\"><audio controls src=\"https:\/\/mesz-i.org\/wp-content\/uploads\/2025\/11\/kozma_laszlo_kovacs_gyozo_esti_judit_1.mp3\"><\/audio><\/figure>\n\n\n\n<figure class=\"wp-block-audio\"><audio controls src=\"https:\/\/mesz-i.org\/wp-content\/uploads\/2025\/11\/kozma_laszlo_kovacs_gyozo_esti_judit_2.mp3\"><\/audio><\/figure>\n\n\n\n<figure class=\"wp-block-audio\"><audio controls src=\"https:\/\/mesz-i.org\/wp-content\/uploads\/2025\/11\/kozma_laszlo_kovacs_gyozo_esti_judit_3.mp3\"><\/audio><\/figure>\n\n\n\n<figure class=\"wp-block-audio\"><audio controls src=\"https:\/\/mesz-i.org\/wp-content\/uploads\/2025\/11\/kozma_laszlo_kovacs_gyozo_esti_judit_4.mp3\"><\/audio><\/figure>\n\n\n\n<h2 class=\"wp-block-heading\">Korabeli \u00fajs\u00e1gcikkek<\/h2>\n\n\n<p style=\"text-align: justify;\">Az <a href=\"https:\/\/adtplus.arcanum.hu\/hu\/\" target=\"_blank\" rel=\"noreferrer noopener\" aria-label=\" (opens in a new tab)\">Arcanum Digit\u00e1lis Tudom\u00e1nyt\u00e1rban<\/a> kutatva nagyon \u00e9rdekes cikkekre bukkantunk. Csod\u00e1latos, elk\u00e9peszt\u0151en teljes, teljes sz\u00f6vegben kereshet\u0151 gy\u0171jtem\u00e9ny\u00fck van, mindenkinek csak aj\u00e1nlani tudjuk! R\u00e1ad\u00e1sul ahhoz is hozz\u00e1j\u00e1rultak, hogy a megfelel\u0151 r\u00e9szleteket e honlapon megjelentethess\u00fck. K\u00f6sz\u00f6nj\u00fck!<\/p>\n<p>\u00cdme a k\u00e9t \u00e1ltalunk leg\u00e9rdekesebbnek v\u00e9lt cikk:<\/p>\n\n\n<p><a href=\"http:\/\/mesz-i.org\/wp-content\/uploads\/2020\/07\/Nepszabadsag_1958_11_12_1-2old.pdf\">N\u00e9pszabads\u00e1g 1958. november 12, szerda<\/a>. A 2. oldalon \u00edrnak az akkor bemutatott sz\u00e1m\u00edt\u00f3g\u00e9pr\u0151l. <\/p>\n\n\n\n<p><a href=\"http:\/\/mesz-i.org\/wp-content\/uploads\/2020\/07\/MuszakiElet_1959_07_09_01-07old.pdf\">M\u0171szaki \u00c9let 1959. j\u00falius 9<\/a>. A 7. oldalon (a linkelt pdf m\u00e1sodik lapj\u00e1n) r\u00e9szletesen ismertetik a MESZ I-et. <\/p>\n\n\n\n<h2 class=\"wp-block-heading\">Nyomtatott dokumentumok<\/h2>\n\n\n<p style=\"text-align: justify;\">Frajka B\u00e9la: <em>T\u00e1vbesz\u00e9l\u0151technika I. Kapcsol\u00e1stechnika (Dr. Kozma L\u00e1szl\u00f3 egyetemi tan\u00e1r el\u0151ad\u00e1sai alapj\u00e1n)<\/em>. (K\u00e9zirat, v\u00e1ltozatlan ut\u00e1nnyom\u00e1s) Budapest, 1962, Tank\u00f6nyvkiad\u00f3 <em>\u2013<\/em> B\u00e1r a MESZ I-r\u0151l nem \u00edrnak benne, az abban is alkalmazott eszk\u00f6z\u00f6ket \u00e9s m\u00f3dszereket r\u00e9szletesen ismerteti e jegyzet.<\/p>\n<p style=\"text-align: justify;\">Kozma L\u00e1szl\u00f3: <em>A M\u0171szaki Egyetem els\u0151 digit\u00e1lis sz\u00e1m\u00edt\u00f3g\u00e9pe<\/em>. Budapest, 1961, Budapesti M\u0171szaki Egyetem 1960. \u00e9vi tudom\u00e1nyos \u00e9vk\u00f6nyv, Tank\u00f6nyvkiad\u00f3, pp. 139-154. <em>\u2013<\/em> A fent hivatkozott, Periodica Polytechnica-ban megjelent cikk magyar ford\u00edt\u00e1sa. Az eredetihez k\u00e9pest egy-k\u00e9t dolgot kihagyott a szerz\u0151 a ford\u00edt\u00e1sb\u00f3l, minden bizonnyal terjedelmi korl\u00e1tok miatt.<\/p>\n<p style=\"text-align: justify;\">Sall\u00f3 Ferenc: <em>A standard (Western) automata k\u00f6zpontok jelfog\u00f3i<\/em>, Budapest, 1947, Postam\u00e9rn\u00f6ki k\u00f6zlem\u00e9nyek 7. sz\u00e1m, Magyar Postavez\u00e9rigazgat\u00f3s\u00e1g \u00e1ltal megb\u00edzott szerkeszt\u0151 bizotts\u00e1g. <em>\u2013<\/em> Az alkalmazott jelfog\u00f3k meg\u00e9rt\u00e9s\u00e9hez vett\u00fck haszn\u00e1t.<\/p>\n<p style=\"text-align: justify;\">Sall\u00f3 Ferenc: <em>Jelfog\u00f3k \u00e9s azon beszab\u00e1lyoz\u00e1sa<\/em>. Budapest, 1954, Posta anyagell\u00e1t\u00f3 \u00e9s k\u00e9szletez\u0151 v\u00e1llalat h\u00e1zinyomd\u00e1ja <em>\u2013<\/em> Az el\u0151z\u0151 k\u00f6nyvecske k\u00e9s\u0151bbi, b\u0151v\u00edtett kiad\u00e1sa.<\/p>\n\n\n<p><\/p>\n","protected":false},"excerpt":{"rendered":"<p>Erre az oldalra gy\u0171jt\u00f6tt\u00fck \u00f6ssze a MESZ I-gyel kapcsolatos legfontosabb \u00edr\u00e1sokat, hang- \u00e9s videofelv\u00e9teleket. On-line is el\u00e9rhet\u0151 dokumentumok Kozma, L. The New Digital Computer of the Polytechnical University Budapest Periodica Polytechnica Electrical Engineering (Archives) Vol 3 No 4 (1959) pp. 321&#8211;343 \u2013 Ez messze a legr\u00e9szletesebb \u00e9s leghitelesebb fennmaradt dokumentum&#8230;<\/p>\n<p class=\"continue-reading-button\"> <a class=\"continue-reading-link\" href=\"https:\/\/mesz-i.org\/?page_id=32\">Tov\u00e1bb<i class=\"crycon-right-dir\"><\/i><\/a><\/p>\n","protected":false},"author":1,"featured_media":0,"parent":0,"menu_order":0,"comment_status":"closed","ping_status":"closed","template":"","meta":{"footnotes":""},"class_list":["post-32","page","type-page","status-publish","hentry"],"jetpack_sharing_enabled":true,"_links":{"self":[{"href":"https:\/\/mesz-i.org\/index.php?rest_route=\/wp\/v2\/pages\/32","targetHints":{"allow":["GET"]}}],"collection":[{"href":"https:\/\/mesz-i.org\/index.php?rest_route=\/wp\/v2\/pages"}],"about":[{"href":"https:\/\/mesz-i.org\/index.php?rest_route=\/wp\/v2\/types\/page"}],"author":[{"embeddable":true,"href":"https:\/\/mesz-i.org\/index.php?rest_route=\/wp\/v2\/users\/1"}],"replies":[{"embeddable":true,"href":"https:\/\/mesz-i.org\/index.php?rest_route=%2Fwp%2Fv2%2Fcomments&post=32"}],"version-history":[{"count":34,"href":"https:\/\/mesz-i.org\/index.php?rest_route=\/wp\/v2\/pages\/32\/revisions"}],"predecessor-version":[{"id":1230,"href":"https:\/\/mesz-i.org\/index.php?rest_route=\/wp\/v2\/pages\/32\/revisions\/1230"}],"wp:attachment":[{"href":"https:\/\/mesz-i.org\/index.php?rest_route=%2Fwp%2Fv2%2Fmedia&parent=32"}],"curies":[{"name":"wp","href":"https:\/\/api.w.org\/{rel}","templated":true}]}}