{"id":1079,"date":"2024-09-17T21:31:32","date_gmt":"2024-09-17T19:31:32","guid":{"rendered":"https:\/\/mesz-i.org\/?page_id=1079"},"modified":"2025-02-23T18:19:41","modified_gmt":"2025-02-23T16:19:41","slug":"3d-modell","status":"publish","type":"page","link":"http:\/\/mesz-i.org\/?page_id=1079","title":{"rendered":"3D modell"},"content":{"rendered":"<p>2024 nyar\u00e1n a BME \u00c9p\u00edt\u0151m\u00e9rn\u00f6ki Kar\u00e1n m\u0171k\u00f6d\u0151 Fotogrammetria \u00e9s T\u00e9rinformatika Tansz\u00e9k munkat\u00e1rsai felaj\u00e1nlott\u00e1k seg\u00edts\u00e9g\u00fcket \u00e9s egy 3D l\u00e9zerszkennerrel meg\u00f6r\u00f6k\u00edtett\u00e9k a MESZ I-et. <a href=\"http:\/\/lendulet.tmit.bme.hu\/~nemethk\/3d\/MESZ_I.html\" target=\"_blank\" rel=\"noopener\">Az elk\u00e9sz\u00fclt 3D modell itt megtekinthet\u0151.<\/a>\u00a0K\u00f6sz\u00f6nj\u00fck a tansz\u00e9k \u00f6nzetlen seg\u00edts\u00e9g\u00e9t!<\/p>\n<p>&nbsp;<\/p>\n<p><a href=\"http:\/\/lendulet.tmit.bme.hu\/~nemethk\/3d\/MESZ_I.html\" target=\"_blank\" rel=\"noopener\"><img loading=\"lazy\" decoding=\"async\" class=\"aligncenter wp-image-1088\" src=\"http:\/\/mesz-i.org\/wp-content\/uploads\/2024\/09\/3dmodell-300x154.jpg\" alt=\"\" width=\"769\" height=\"395\" srcset=\"http:\/\/mesz-i.org\/wp-content\/uploads\/2024\/09\/3dmodell-300x154.jpg 300w, http:\/\/mesz-i.org\/wp-content\/uploads\/2024\/09\/3dmodell-1024x525.jpg 1024w, http:\/\/mesz-i.org\/wp-content\/uploads\/2024\/09\/3dmodell-768x393.jpg 768w, http:\/\/mesz-i.org\/wp-content\/uploads\/2024\/09\/3dmodell-1536x787.jpg 1536w, http:\/\/mesz-i.org\/wp-content\/uploads\/2024\/09\/3dmodell-150x77.jpg 150w, http:\/\/mesz-i.org\/wp-content\/uploads\/2024\/09\/3dmodell.jpg 1708w\" sizes=\"auto, (max-width: 769px) 100vw, 769px\" \/><\/a><\/p>\n<p>&nbsp;<\/p>\n<p>A modellt a bal eg\u00e9rgombot lenyomva lehet forgatni, a jobbat lenyomva eltolni, a g\u00f6rg\u0151vel pedig el\u0151re-h\u00e1tra haladni. A bal oldali men\u00fc alj\u00e1n a Navigation r\u00e9szn\u00e9l m\u00e1s \u00fczemm\u00f3d is kiv\u00e1laszthat\u00f3. Az els\u0151, n\u00e9gy ny\u00edllal jel\u00f6lt, tal\u00e1n k\u00e9nyelmesebb enn\u00e9l is.<\/p>\n<p>\u00c9rdekess\u00e9g, hogy a modell k\u00e9sz\u00edt\u00e9s\u00e9nek idej\u00e9n dolgoztunk a g\u00e9p visszafejt\u00e9s\u00e9n, ez\u00e9rt p\u00e9ld\u00e1ul bal oldali m\u00e1sodik szekr\u00e9ny alj\u00e1t levett\u00fck, illetve t\u00f6bb jelfog\u00f3s panelbe kis feh\u00e9r pap\u00edrc\u00e9dul\u00e1kat t\u0171zt\u00fcnk. Ez ut\u00f3bbi am\u00fagy az\u00e9rt kellett, hogy az alapb\u00f3l z\u00e1rt \u00e1llapotban l\u00e9v\u0151 jelfog\u00f3-\u00e9rintkez\u0151ket elszigetelj\u00fck egym\u00e1st\u00f3l, \u00edgy biztos\u00edtva, hogy csak a helyes \u00f6sszek\u00f6ttet\u00e9seket tal\u00e1ljuk meg a multim\u00e9teres m\u00e9r\u00e9sn\u00e9l.<\/p>\n","protected":false},"excerpt":{"rendered":"<p>2024 nyar\u00e1n a BME \u00c9p\u00edt\u0151m\u00e9rn\u00f6ki Kar\u00e1n m\u0171k\u00f6d\u0151 Fotogrammetria \u00e9s T\u00e9rinformatika Tansz\u00e9k munkat\u00e1rsai felaj\u00e1nlott\u00e1k seg\u00edts\u00e9g\u00fcket \u00e9s egy 3D l\u00e9zerszkennerrel meg\u00f6r\u00f6k\u00edtett\u00e9k a MESZ I-et. Az elk\u00e9sz\u00fclt 3D modell itt megtekinthet\u0151.\u00a0K\u00f6sz\u00f6nj\u00fck a tansz\u00e9k \u00f6nzetlen seg\u00edts\u00e9g\u00e9t! &nbsp; &nbsp; A modellt a bal eg\u00e9rgombot lenyomva lehet forgatni, a jobbat lenyomva eltolni, a g\u00f6rg\u0151vel pedig el\u0151re-h\u00e1tra&#8230;<\/p>\n<p class=\"continue-reading-button\"> <a class=\"continue-reading-link\" href=\"http:\/\/mesz-i.org\/?page_id=1079\">Tov\u00e1bb<i class=\"crycon-right-dir\"><\/i><\/a><\/p>\n","protected":false},"author":2,"featured_media":0,"parent":0,"menu_order":0,"comment_status":"closed","ping_status":"closed","template":"","meta":{"footnotes":""},"class_list":["post-1079","page","type-page","status-publish","hentry"],"jetpack_sharing_enabled":true,"_links":{"self":[{"href":"http:\/\/mesz-i.org\/index.php?rest_route=\/wp\/v2\/pages\/1079","targetHints":{"allow":["GET"]}}],"collection":[{"href":"http:\/\/mesz-i.org\/index.php?rest_route=\/wp\/v2\/pages"}],"about":[{"href":"http:\/\/mesz-i.org\/index.php?rest_route=\/wp\/v2\/types\/page"}],"author":[{"embeddable":true,"href":"http:\/\/mesz-i.org\/index.php?rest_route=\/wp\/v2\/users\/2"}],"replies":[{"embeddable":true,"href":"http:\/\/mesz-i.org\/index.php?rest_route=%2Fwp%2Fv2%2Fcomments&post=1079"}],"version-history":[{"count":12,"href":"http:\/\/mesz-i.org\/index.php?rest_route=\/wp\/v2\/pages\/1079\/revisions"}],"predecessor-version":[{"id":1101,"href":"http:\/\/mesz-i.org\/index.php?rest_route=\/wp\/v2\/pages\/1079\/revisions\/1101"}],"wp:attachment":[{"href":"http:\/\/mesz-i.org\/index.php?rest_route=%2Fwp%2Fv2%2Fmedia&parent=1079"}],"curies":[{"name":"wp","href":"https:\/\/api.w.org\/{rel}","templated":true}]}}